{"id":147,"date":"2013-01-25T14:10:41","date_gmt":"2013-01-25T14:10:41","guid":{"rendered":"http:\/\/copy.cro.ma\/bistro\/?page_id=147"},"modified":"2017-03-28T15:42:53","modified_gmt":"2017-03-28T18:42:53","slug":"sobre-o-tariri","status":"publish","type":"page","link":"http:\/\/www.taririamazonlodge.com.br\/en\/the-tariri\/","title":{"rendered":"The Tariri"},"content":{"rendered":"<div class=\"pf-content\"><p>Your stay will take place in family environment where we can share, with exclusivity, the wealth of the place and the perfect knowledge of the region. We will grant your trip an international level of service, welfare and quality that is the motto of our family.\u00a0The big goal and determination of our project is strongly linked to education, learning and discovery. Unique and intense experiences, considering your short stay in the Amazon.<\/p>\n<h4>About Us<\/h4>\n<p>Germano and Fabiola are the hosts who work with dedication to their guests have a great service. They work for the guests bring with them the feeling of a memorable travel in the Amazon Jungle.<br \/>\n<ul class=\"cro_col_3\" style=\"margin: 50px 0;\"><li><div class=\"imgouter imgteamshort\"><a href=\"http:\/\/www.taririamazonlodge.com.br\/en\/members\/fabiola-carrazzone\/\" class=\"teama\"><img src=\"http:\/\/www.taririamazonlodge.com.br\/wp-content\/themes\/Bistro-Responsive_Foodie_App-Theme\/public\/styles\/images\/imgcommingsoon3.jpg\"><\/a><h3 class=\"cro_accent cro_galtitle\" style=\"color:#a6d277\"><!--:pt-->Fab\u00edola Carrazzone<!--:--><\/h3><p class=\"cro_teamdesc\">\/\/ Uma excelente Chefe de cozinha que cuida pessoalmente de todas as refei\u00e7\u00f5es. Seu card\u00e1pio \u00e9 variado e delicioso! Perfeito!\r\n<br><br>\r\n\/\/ <i>An excellent Chef who personally takes care of all meals. Their menu is varied and delicious! Perfect!<\/i><\/p><div class=\"clarlabel\"><a href=\"http:\/\/www.taririamazonlodge.com.br\/en\/members\/fabiola-carrazzone\/\">More info<\/a><\/div><\/div><\/li><li><div class=\"imgouter imgteamshort\"><a href=\"http:\/\/www.taririamazonlodge.com.br\/en\/members\/germano-alvarado\/\" class=\"teama\"><img width=\"300\" height=\"300\" src=\"http:\/\/www.taririamazonlodge.com.br\/wp-content\/uploads\/2013\/01\/germano-corte-300x300.jpg\" class=\"attachment-medium size-medium wp-post-image\" alt=\"\" decoding=\"async\" loading=\"lazy\" srcset=\"http:\/\/www.taririamazonlodge.com.br\/wp-content\/uploads\/2013\/01\/germano-corte-300x300.jpg 300w, http:\/\/www.taririamazonlodge.com.br\/wp-content\/uploads\/2013\/01\/germano-corte-150x150.jpg 150w, http:\/\/www.taririamazonlodge.com.br\/wp-content\/uploads\/2013\/01\/germano-corte.jpg 400w\" sizes=\"(max-width: 300px) 100vw, 300px\" \/><\/a><h3 class=\"cro_accent cro_galtitle\" style=\"color:#a6d277\"><!--:pt-->Germano Alvarado<!--:--><\/h3><p class=\"cro_teamdesc\">\/\/ Um apaixonado pela natureza e um ativista pela sua preserva\u00e7\u00e3o. Um Guia de Selva bastante experiente, que transmite seus conhecimentos e viv\u00eancias sobre a Amaz\u00f4nia.\r\n<br><br>\r\n\/\/ <i>A passion for nature and an activist for its preservation. A very experienced jungle guide, who teaches his knowledge about the Amazon.<\/i><\/p><div class=\"clarlabel\"><a href=\"http:\/\/www.taririamazonlodge.com.br\/en\/members\/germano-alvarado\/\">More info<\/a><\/div><\/div><\/li><\/ul><\/p>\n<h4>Location<\/h4>\n<p>The hotel Tariri Amazon Lodge is located on Lake Acajatuba at Negro River, 70 km from Manaus. Here are the most diverse ecosystems and landscapes of lush Amazon jungle, igapos, land and beaches. You can enjoy a real ecotouristic adventure in the jungle.<\/p>\n<p><iframe loading=\"lazy\" src=\"https:\/\/maps.google.com\/maps\/ms?msa=0&#038;msid=205900772560637349149.0004559c7ad8fefcb9bc2&#038;ie=UTF8&#038;t=h&#038;ll=-3.089779,-60.531235&#038;spn=0.102847,0.20462&#038;z=12&#038;output=embed\" height=\"300\" width=\"595\" frameborder=\"0\" marginwidth=\"0\" marginheight=\"0\" scrolling=\"no\"><\/iframe><br \/>\n<small>Show <a style=\"color: #0000ff; text-align: left;\" href=\"https:\/\/maps.google.com\/maps\/ms?msa=0&#038;msid=205900772560637349149.0004559c7ad8fefcb9bc2&#038;ie=UTF8&#038;t=h&#038;ll=-3.089779,-60.531235&#038;spn=0.102847,0.20462&#038;z=12&#038;source=embed\">Tariri Amazon Lodge<\/a>\u00a0in a larger map.<\/small><\/p>\n<\/div><div id=\"s-share-buttons\" class=\"\"><div class=\"s-single-share\">\n\t\t\t\t\t\t\t\t\t\t\t\t<div class=\"fb-share-button\" data-href=\"http:\/\/www.taririamazonlodge.com.br\/en\/the-tariri\/\" data-type=\"button_count\"><\/div><\/div><div class=\"s-single-share\"><a href=\"https:\/\/twitter.com\/share\" class=\"twitter-share-button\"><\/a>\n\t\t\t\t\t\t\t\t\t\t\t\t<\/div><div class=\"s-single-share\">\n\t\t\t\t\t\t\t\t\t\t\t\t\t<div class=\"g-plusone\" data-size=\"medium\"><\/div>\n\t\t\t\t\t\t\t\t\t\t\t\t\t<\/div><\/div>","protected":false},"excerpt":{"rendered":"<p>Your stay will take place in family environment where we can share, with exclusivity, the wealth of the place and the perfect knowledge of the region. We will grant your trip an international level of service, welfare and quality that is the motto of our family.\u00a0The big goal and determination of our project is strongly&hellip;<\/p>\n","protected":false},"author":1,"featured_media":1729,"parent":0,"menu_order":1,"comment_status":"open","ping_status":"open","template":"","meta":{"ngg_post_thumbnail":0},"_links":{"self":[{"href":"http:\/\/www.taririamazonlodge.com.br\/en\/wp-json\/wp\/v2\/pages\/147"}],"collection":[{"href":"http:\/\/www.taririamazonlodge.com.br\/en\/wp-json\/wp\/v2\/pages"}],"about":[{"href":"http:\/\/www.taririamazonlodge.com.br\/en\/wp-json\/wp\/v2\/types\/page"}],"author":[{"embeddable":true,"href":"http:\/\/www.taririamazonlodge.com.br\/en\/wp-json\/wp\/v2\/users\/1"}],"replies":[{"embeddable":true,"href":"http:\/\/www.taririamazonlodge.com.br\/en\/wp-json\/wp\/v2\/comments?post=147"}],"version-history":[{"count":33,"href":"http:\/\/www.taririamazonlodge.com.br\/en\/wp-json\/wp\/v2\/pages\/147\/revisions"}],"predecessor-version":[{"id":882,"href":"http:\/\/www.taririamazonlodge.com.br\/en\/wp-json\/wp\/v2\/pages\/147\/revisions\/882"}],"wp:featuredmedia":[{"embeddable":true,"href":"http:\/\/www.taririamazonlodge.com.br\/en\/wp-json\/wp\/v2\/media\/1729"}],"wp:attachment":[{"href":"http:\/\/www.taririamazonlodge.com.br\/en\/wp-json\/wp\/v2\/media?parent=147"}],"curies":[{"name":"wp","href":"https:\/\/api.w.org\/{rel}","templated":true}]}}