{"id":956,"date":"2013-11-23T22:08:35","date_gmt":"2013-11-24T01:08:35","guid":{"rendered":"http:\/\/tariri.vigha.com\/?page_id=956"},"modified":"2017-03-28T16:39:40","modified_gmt":"2017-03-28T19:39:40","slug":"intro","status":"publish","type":"page","link":"http:\/\/www.taririamazonlodge.com.br\/en\/intro\/","title":{"rendered":"Intro"},"content":{"rendered":"<div class=\"pf-content\"><p>Venha desfrutar de maravilhosos dias e levar consigo uma inesquec\u00edvel viv\u00eancia na selva Amaz\u00f4nica.<\/p>\n<\/div><div id=\"s-share-buttons\" class=\"\"><div class=\"s-single-share\">\n\t\t\t\t\t\t\t\t\t\t\t\t<div class=\"fb-share-button\" data-href=\"http:\/\/www.taririamazonlodge.com.br\/en\/intro\/\" data-type=\"button_count\"><\/div><\/div><div class=\"s-single-share\"><a href=\"https:\/\/twitter.com\/share\" class=\"twitter-share-button\"><\/a>\n\t\t\t\t\t\t\t\t\t\t\t\t<\/div><div class=\"s-single-share\">\n\t\t\t\t\t\t\t\t\t\t\t\t\t<div class=\"g-plusone\" data-size=\"medium\"><\/div>\n\t\t\t\t\t\t\t\t\t\t\t\t\t<\/div><\/div>","protected":false},"excerpt":{"rendered":"<p>Venha desfrutar de maravilhosos dias e levar consigo uma inesquec\u00edvel viv\u00eancia na selva Amaz\u00f4nica.<\/p>\n","protected":false},"author":1,"featured_media":0,"parent":0,"menu_order":0,"comment_status":"open","ping_status":"open","template":"","meta":{"ngg_post_thumbnail":0},"_links":{"self":[{"href":"http:\/\/www.taririamazonlodge.com.br\/en\/wp-json\/wp\/v2\/pages\/956"}],"collection":[{"href":"http:\/\/www.taririamazonlodge.com.br\/en\/wp-json\/wp\/v2\/pages"}],"about":[{"href":"http:\/\/www.taririamazonlodge.com.br\/en\/wp-json\/wp\/v2\/types\/page"}],"author":[{"embeddable":true,"href":"http:\/\/www.taririamazonlodge.com.br\/en\/wp-json\/wp\/v2\/users\/1"}],"replies":[{"embeddable":true,"href":"http:\/\/www.taririamazonlodge.com.br\/en\/wp-json\/wp\/v2\/comments?post=956"}],"version-history":[{"count":1,"href":"http:\/\/www.taririamazonlodge.com.br\/en\/wp-json\/wp\/v2\/pages\/956\/revisions"}],"predecessor-version":[{"id":957,"href":"http:\/\/www.taririamazonlodge.com.br\/en\/wp-json\/wp\/v2\/pages\/956\/revisions\/957"}],"wp:attachment":[{"href":"http:\/\/www.taririamazonlodge.com.br\/en\/wp-json\/wp\/v2\/media?parent=956"}],"curies":[{"name":"wp","href":"https:\/\/api.w.org\/{rel}","templated":true}]}}